{"id":12741,"date":"2022-10-20T15:26:45","date_gmt":"2022-10-20T13:26:45","guid":{"rendered":"https:\/\/dev.isst-unna.de\/about-us-isst-unna-institute-for-special-systemic-therapy\/press-and-publications\/"},"modified":"2024-05-13T17:15:21","modified_gmt":"2024-05-13T15:15:21","slug":"press-and-publications","status":"publish","type":"page","link":"https:\/\/dev.isst-unna.de\/en\/about-us-isst-unna-institute-for-special-systemic-therapy\/press-and-publications\/","title":{"rendered":"Press and publications"},"content":{"rendered":"\n<style type=\"text\/css\" data-created_by=\"avia_inline_auto\" id=\"style-css-av-8m8m1-3fd82661082457192461facf41faa261\">\n.avia-section.av-8m8m1-3fd82661082457192461facf41faa261{\nbackground-color:#ffffff;\nbackground-image:url(https:\/\/dev.isst-unna.de\/wp-content\/uploads\/2022\/10\/presseveroeffentlichungen.jpg);\nbackground-repeat:no-repeat;\nbackground-position:50% 50%;\nbackground-attachment:scroll;\n}\n<\/style>\n<div id='av_section_1'  class='avia-section av-8m8m1-3fd82661082457192461facf41faa261 main_color avia-section-default avia-no-border-styling  avia-builder-el-0  el_before_av_one_full  avia-builder-el-first  isst-post-header avia-bg-style-scroll av-minimum-height av-minimum-height-custom av-height-custom  container_wrap sidebar_right'  data-section-bg-repeat='no-repeat' data-av_minimum_height_px='424'><div class='container av-section-cont-open' style='height:424px'><main  role=\"main\" itemprop=\"mainContentOfPage\"  class='template-page content  av-content-small alpha units'><div class='post-entry post-entry-type-page post-entry-12741'><div class='entry-content-wrapper clearfix'><\/div><\/div><\/main><!-- close content main element --><\/div><\/div><div id='after_section_1'  class='main_color av_default_container_wrap container_wrap sidebar_right'  ><div class='container av-section-cont-open' ><div class='template-page content  av-content-small alpha units'><div class='post-entry post-entry-type-page post-entry-12741'><div class='entry-content-wrapper clearfix'>\n<div  class='flex_column av-aaojd-53e4c2140a745a60e54e9f6f5aa0f457 av_one_full  avia-builder-el-1  el_after_av_section  el_before_av_one_full  avia-builder-el-first  first flex_column_div  '     ><p>\n<style type=\"text\/css\" data-created_by=\"avia_inline_auto\" id=\"style-css-av-l9mt2c31-5286c54cce9a409be9fd4d335871c84a\">\n#top .av-special-heading.av-l9mt2c31-5286c54cce9a409be9fd4d335871c84a{\npadding-bottom:10px;\n}\nbody .av-special-heading.av-l9mt2c31-5286c54cce9a409be9fd4d335871c84a .av-special-heading-tag .heading-char{\nfont-size:25px;\n}\n.av-special-heading.av-l9mt2c31-5286c54cce9a409be9fd4d335871c84a .av-subheading{\nfont-size:15px;\n}\n<\/style>\n<div  class='av-special-heading av-l9mt2c31-5286c54cce9a409be9fd4d335871c84a av-special-heading-h1  avia-builder-el-2  el_before_av_textblock  avia-builder-el-first '><h1 class='av-special-heading-tag'  itemprop=\"headline\"  >Press and publications<\/h1><div class=\"special-heading-border\"><div class=\"special-heading-inner-border\"><\/div><\/div><\/div><br \/>\n<section  class='av_textblock_section av-lthdali2-f76d30f61d2690f793e7b3fb47380832 '   itemscope=\"itemscope\" itemtype=\"https:\/\/schema.org\/CreativeWork\" ><div class='avia_textblock'  itemprop=\"text\" ><p>Numerous publications in newspapers and magazines have documented the successful work at ISST and the innovative therapies and products developed there for well over 30 years.<\/p>\n<\/div><\/section><\/p><\/div>\n<div  class='flex_column av-9kokx-227696cf685769f037538f6bb1ceb993 av_one_full  avia-builder-el-4  el_after_av_one_full  avia-builder-el-last  portfolio-masonry first flex_column_div  column-top-margin'     ><section  class='av_textblock_section av-lumj0dnn-74bc02b203f08b5c132bfd2feda03232 '   itemscope=\"itemscope\" itemtype=\"https:\/\/schema.org\/CreativeWork\" ><div class='avia_textblock'  itemprop=\"text\" ><div class=\"cl-layout-container\" style=\"--cl-layout-padding:0px;--cl-layout-margin:0px;\"><div  class=\"cl-layout cl-layout--grid cl-layout--id-12745 cl-layout--masonry  cl-layout--col-l-3 cl-layout--col-m-3 cl-layout--col-s-2 cl-layout--col-xs-1\"  style=\"--cl-layout-gap-c: 10px;--cl-layout-gap-r: 10px;\n\t\t\" ><div class=\"cl-layout__masonry-content\"><div  class=\"cl-layout__item cl-layout__item--id-12676\" ><div  class=\"cl-template cl-template--post cl-template--id-12744 cl-template--image-top\" ><div class=\"cl-element cl-element-featured_media cl-element--instance-1003  cl-element-featured_media--sizing-natural\"><a class=\"cl-element-featured_media__anchor\" href=\"https:\/\/dev.isst-unna.de\/en\/portfolio-item\/unique-research-project\/\"><img decoding=\"async\"  class=\"cl-element-featured_media__image\"  src=\"https:\/\/dev.isst-unna.de\/wp-content\/uploads\/2024\/04\/20221116_einzigartiges_forschungsprojekt_ha-225x320.jpg\"  alt=\"Einzigartiges Forschungsprojekt - Hellweger Anzeiger - Bild\"  \/><\/a><\/div><div class=\"cl-element cl-element-section cl-element--instance-1004 \"><h4 class=\"cl-element cl-element-title cl-element--instance-1001 \"><a class=\"cl-element-title__anchor\" href=\"https:\/\/dev.isst-unna.de\/en\/portfolio-item\/unique-research-project\/\">Unique research project<\/a><\/h4><div class=\"cl-element cl-element-excerpt cl-element--instance-1002 \">Elisabeth Bergmann was unable to walk properly for years. She came to Unna without hope and experienced a small miracle with Dr Berndsen.<\/div><\/div><\/div><\/div><div  class=\"cl-layout__item cl-layout__item--id-12679\" ><div  class=\"cl-template cl-template--post cl-template--id-12744 cl-template--image-top\" ><div class=\"cl-element cl-element-featured_media cl-element--instance-1003  cl-element-featured_media--sizing-natural\"><a class=\"cl-element-featured_media__anchor\" href=\"https:\/\/dev.isst-unna.de\/en\/portfolio-item\/dangerous-noise-in-the-dental-practice\/\"><img decoding=\"async\"  class=\"cl-element-featured_media__image\"  src=\"https:\/\/dev.isst-unna.de\/wp-content\/uploads\/2022\/10\/199507_zahnarztpraxis_laerm_zwr_02-206x320.jpg\"  alt=\"Gef\u00e4hrlicher L\u00e4rm in der Zahnarztpraxi\"  \/><\/a><\/div><div class=\"cl-element cl-element-section cl-element--instance-1004 \"><h4 class=\"cl-element cl-element-title cl-element--instance-1001 \"><a class=\"cl-element-title__anchor\" href=\"https:\/\/dev.isst-unna.de\/en\/portfolio-item\/dangerous-noise-in-the-dental-practice\/\">Dangerous noise in the dental practice<\/a><\/h4><div class=\"cl-element cl-element-excerpt cl-element--instance-1002 \">When treating patients, dentists are constantly exposed to noise that can damage their hearing.  The exposure often goes largely unnoticed at first...<\/div><\/div><\/div><\/div><div  class=\"cl-layout__item cl-layout__item--id-12682\" ><div  class=\"cl-template cl-template--post cl-template--id-12744 cl-template--image-top\" ><div class=\"cl-element cl-element-featured_media cl-element--instance-1003  cl-element-featured_media--sizing-natural\"><a class=\"cl-element-featured_media__anchor\" href=\"https:\/\/dev.isst-unna.de\/en\/portfolio-item\/digital-measurement-method-for-determining-ear-noises\/\"><img decoding=\"async\"  class=\"cl-element-featured_media__image\"  src=\"https:\/\/dev.isst-unna.de\/wp-content\/uploads\/2022\/10\/199702_bestimmung_ohrgeraeusch_tinnitus_hunter_02-312x320.jpg\"  alt=\"Digitales Messverfahren zur Bestimmung von Ohrger\u00e4uschen\"  \/><\/a><\/div><div class=\"cl-element cl-element-section cl-element--instance-1004 \"><h4 class=\"cl-element cl-element-title cl-element--instance-1001 \"><a class=\"cl-element-title__anchor\" href=\"https:\/\/dev.isst-unna.de\/en\/portfolio-item\/digital-measurement-method-for-determining-ear-noises\/\">Digital measurement method for determining ear noises<\/a><\/h4><div class=\"cl-element cl-element-excerpt cl-element--instance-1002 \">From practical work with tinnitus patients, therapy research and the development of KVT tinnitus therapy, the Tinnitus Hunter, a computer-controlled digital measurement procedure, was developed at the ISST in Unna.<\/div><\/div><\/div><\/div><div  class=\"cl-layout__item cl-layout__item--id-12685\" ><div  class=\"cl-template cl-template--post cl-template--id-12744 cl-template--image-top\" ><div class=\"cl-element cl-element-featured_media cl-element--instance-1003  cl-element-featured_media--sizing-natural\"><a class=\"cl-element-featured_media__anchor\" href=\"https:\/\/dev.isst-unna.de\/en\/portfolio-item\/the-adaptation-of-hearing-aids-taking-into-account-the-results-of-psychoacoustic-research\/\"><img decoding=\"async\"  class=\"cl-element-featured_media__image\"  src=\"https:\/\/dev.isst-unna.de\/wp-content\/uploads\/2022\/10\/199703_hoergeraete_psychoakustik_hoerakustik_02-222x320.jpg\"  alt=\"Die Adaption von H\u00f6rger\u00e4ten unter Ber\u00fccksichtigung der Ergebnisse psychoakustischer Forschung\"  \/><\/a><\/div><div class=\"cl-element cl-element-section cl-element--instance-1004 \"><h4 class=\"cl-element cl-element-title cl-element--instance-1001 \"><a class=\"cl-element-title__anchor\" href=\"https:\/\/dev.isst-unna.de\/en\/portfolio-item\/the-adaptation-of-hearing-aids-taking-into-account-the-results-of-psychoacoustic-research\/\">The adaptation of hearing aids taking into account the results of psychoacoustic research<\/a><\/h4><div class=\"cl-element cl-element-excerpt cl-element--instance-1002 \">The everyday world of our communication society is and will be increasingly determined by the acoustic events that the human ear picks up and processes in the brain.<\/div><\/div><\/div><\/div><div  class=\"cl-layout__item cl-layout__item--id-12688\" ><div  class=\"cl-template cl-template--post cl-template--id-12744 cl-template--image-top\" ><div class=\"cl-element cl-element-featured_media cl-element--instance-1003  cl-element-featured_media--sizing-natural\"><a class=\"cl-element-featured_media__anchor\" href=\"https:\/\/dev.isst-unna.de\/en\/portfolio-item\/therapy-with-faceformer-and-osp\/\"><img decoding=\"async\"  class=\"cl-element-featured_media__image\"  src=\"https:\/\/dev.isst-unna.de\/wp-content\/uploads\/2022\/10\/200203_therapie_mit_ff_osp_somno_journal-308x320.jpg\"  alt=\"Therapie mit FaceFormer und O\"  \/><\/a><\/div><div class=\"cl-element cl-element-section cl-element--instance-1004 \"><h4 class=\"cl-element cl-element-title cl-element--instance-1001 \"><a class=\"cl-element-title__anchor\" href=\"https:\/\/dev.isst-unna.de\/en\/portfolio-item\/therapy-with-faceformer-and-osp\/\">Therapy with FaceFormer and OSP<\/a><\/h4><div class=\"cl-element cl-element-excerpt cl-element--instance-1002 \">TAS - Training therapy for sleep apnoea and snoring - Flaccid muscles and hyperplastic tissue in the mouth and throat are generally regarded as the main cause of snoring and obstructive sleep apnoea.<\/div><\/div><\/div><\/div><div  class=\"cl-layout__item cl-layout__item--id-12691\" ><div  class=\"cl-template cl-template--post cl-template--id-12744 cl-template--image-top\" ><div class=\"cl-element cl-element-featured_media cl-element--instance-1003  cl-element-featured_media--sizing-natural\"><a class=\"cl-element-featured_media__anchor\" href=\"https:\/\/dev.isst-unna.de\/en\/portfolio-item\/speen-helpt-papa-van-het-snurken-af\/\"><img decoding=\"async\"  class=\"cl-element-featured_media__image\"  src=\"https:\/\/dev.isst-unna.de\/wp-content\/uploads\/2022\/10\/20021011_ff_tubantia_nl-240x320.jpg\"  alt=\"Speen helpt papa van het snurken af\"  \/><\/a><\/div><div class=\"cl-element cl-element-section cl-element--instance-1004 \"><h4 class=\"cl-element cl-element-title cl-element--instance-1001 \"><a class=\"cl-element-title__anchor\" href=\"https:\/\/dev.isst-unna.de\/en\/portfolio-item\/speen-helpt-papa-van-het-snurken-af\/\">Speen helpt papa van het snurken af<\/a><\/h4><div class=\"cl-element cl-element-excerpt cl-element--instance-1002 \">FaceFormer helps dad to stop snoring - To most people it seems like a soother that is too big. But it is a kind of fitness device for the facial muscles. And it helps perfectly against snoring. The speech therapists and dentists from Twente listened enthusiastically to the inventor of the FaceFormer yesterday.<\/div><\/div><\/div><\/div><div  class=\"cl-layout__item cl-layout__item--id-12694\" ><div  class=\"cl-template cl-template--post cl-template--id-12744 cl-template--image-top\" ><div class=\"cl-element cl-element-featured_media cl-element--instance-1003  cl-element-featured_media--sizing-natural\"><a class=\"cl-element-featured_media__anchor\" href=\"https:\/\/dev.isst-unna.de\/en\/portfolio-item\/treat-more-often-from-top-to-bottom\/\"><img decoding=\"async\"  class=\"cl-element-featured_media__image\"  src=\"https:\/\/dev.isst-unna.de\/wp-content\/uploads\/2022\/10\/20021128_oben_unten_rp-320x118.jpg\"  alt=\"\u00d6fter \u201evon oben nach unten\u201c behandeln\"  \/><\/a><\/div><div class=\"cl-element cl-element-section cl-element--instance-1004 \"><h4 class=\"cl-element cl-element-title cl-element--instance-1001 \"><a class=\"cl-element-title__anchor\" href=\"https:\/\/dev.isst-unna.de\/en\/portfolio-item\/treat-more-often-from-top-to-bottom\/\">Treat more often from top to bottom<\/a><\/h4><div class=\"cl-element cl-element-excerpt cl-element--instance-1002 \">The \"Gemeinsam Leben - Gemeinsam lernen\" initiative organised a lecture and discussion on the topic of \"Voice and speech therapy\" in Wesel. Numerous parents, remedial teachers and therapists listened to the presentation with great interest. Dr Klaus Berndsen reported on the fatal consequences of the long-term use of dummies and baby bottles and explained the correlations.<\/div><\/div><\/div><\/div><div  class=\"cl-layout__item cl-layout__item--id-12697\" ><div  class=\"cl-template cl-template--post cl-template--id-12744 cl-template--image-top\" ><div class=\"cl-element cl-element-featured_media cl-element--instance-1003  cl-element-featured_media--sizing-natural\"><a class=\"cl-element-featured_media__anchor\" href=\"https:\/\/dev.isst-unna.de\/en\/portfolio-item\/aparelho-combate-o-ronco-e-a-apneia-durante-o-sono\/\"><img decoding=\"async\"  class=\"cl-element-featured_media__image\"  src=\"https:\/\/dev.isst-unna.de\/wp-content\/uploads\/2022\/10\/20030117_ff_a_noticia_brasilien-215x320.jpg\"  alt=\"Aparelho combate o ronco e a apn\u00e9ia durante o sono\"  \/><\/a><\/div><div class=\"cl-element cl-element-section cl-element--instance-1004 \"><h4 class=\"cl-element cl-element-title cl-element--instance-1001 \"><a class=\"cl-element-title__anchor\" href=\"https:\/\/dev.isst-unna.de\/en\/portfolio-item\/aparelho-combate-o-ronco-e-a-apneia-durante-o-sono\/\">Aparelho combate o ronco e a apn\u00e9ia durante o sono<\/a><\/h4><div class=\"cl-element cl-element-excerpt cl-element--instance-1002 \">FaceFormer helps against snoring and sleep apnoea - The Brazilian newspaper A Noticia reported on the success of FaceFormer therapy in the treatment of snoring and sleep apnoea.<\/div><\/div><\/div><\/div><div  class=\"cl-layout__item cl-layout__item--id-12701\" ><div  class=\"cl-template cl-template--post cl-template--id-12744 cl-template--image-top\" ><div class=\"cl-element cl-element-featured_media cl-element--instance-1003  cl-element-featured_media--sizing-natural\"><a class=\"cl-element-featured_media__anchor\" href=\"https:\/\/dev.isst-unna.de\/en\/portfolio-item\/faceformer-therapy-fft-new-aids-for-correcting-orofacial-muscle-functions\/\"><img decoding=\"async\"  class=\"cl-element-featured_media__image\"  src=\"https:\/\/dev.isst-unna.de\/wp-content\/uploads\/2022\/10\/200304_fft_korrektur-orofazialer-muskelfunktionen_logopaedie_01-218x320.jpg\"  alt=\"ISST Unna - Institut f\u00fcr Spezielle Systemische Therapie | Rehabilitation und Logop\u00e4die Direkt zum Inhalt Home   \u00dcber uns   Therapie   Jobs   Kontakt   Wissen   Info FaceFormer-Therapie (FFT)\"  \/><\/a><\/div><div class=\"cl-element cl-element-section cl-element--instance-1004 \"><h4 class=\"cl-element cl-element-title cl-element--instance-1001 \"><a class=\"cl-element-title__anchor\" href=\"https:\/\/dev.isst-unna.de\/en\/portfolio-item\/faceformer-therapy-fft-new-aids-for-correcting-orofacial-muscle-functions\/\">FaceFormer therapy (FFT) &#8211; New aids for correcting orofacial muscle functions<\/a><\/h4><div class=\"cl-element cl-element-excerpt cl-element--instance-1002 \">New aids for correcting orofacial muscle functions. The muscles of the head and neck not only have a significant influence on the shape and functions of their immediate localisation area, but also on the static and functional processes of the entire human organism.<\/div><\/div><\/div><\/div><div  class=\"cl-layout__item cl-layout__item--id-12704\" ><div  class=\"cl-template cl-template--post cl-template--id-12744 cl-template--image-top\" ><div class=\"cl-element cl-element-featured_media cl-element--instance-1003  cl-element-featured_media--sizing-natural\"><a class=\"cl-element-featured_media__anchor\" href=\"https:\/\/dev.isst-unna.de\/en\/portfolio-item\/presentation-of-a-modified-stimulation-plate-system-for-children-with-down-syndrome\/\"><img decoding=\"async\"  class=\"cl-element-featured_media__image\"  src=\"https:\/\/dev.isst-unna.de\/wp-content\/uploads\/2022\/10\/200305_stimulationplattensystem_forum_logopaedie_01-224x320.jpg\"  alt=\"Vorstellung eines modifizierten Stimulationsplattensystems bei Kinder mit Down-Syndrom\"  \/><\/a><\/div><div class=\"cl-element cl-element-section cl-element--instance-1004 \"><h4 class=\"cl-element cl-element-title cl-element--instance-1001 \"><a class=\"cl-element-title__anchor\" href=\"https:\/\/dev.isst-unna.de\/en\/portfolio-item\/presentation-of-a-modified-stimulation-plate-system-for-children-with-down-syndrome\/\">Presentation of a modified stimulation plate system for children with Down syndrome<\/a><\/h4><div class=\"cl-element cl-element-excerpt cl-element--instance-1002 \">Studies at the University Medical Centre Hamburg-Eppendorf and the ISST in Unna have had very positive experiences with advanced, soft oral stimulation plates (OSP) in children with Down syndrome.<\/div><\/div><\/div><\/div><div  class=\"cl-layout__item cl-layout__item--id-12707\" ><div  class=\"cl-template cl-template--post cl-template--id-12744 cl-template--image-top\" ><div class=\"cl-element cl-element-featured_media cl-element--instance-1003  cl-element-featured_media--sizing-natural\"><a class=\"cl-element-featured_media__anchor\" href=\"https:\/\/dev.isst-unna.de\/en\/portfolio-item\/world-first-faceformer-therapy\/\"><img decoding=\"async\"  class=\"cl-element-featured_media__image\"  src=\"https:\/\/dev.isst-unna.de\/wp-content\/uploads\/2022\/10\/20030530_fft_wir_im_besten_alter-320x234.jpg\"  alt=\"Weltneuheit: FaceFormer-Therapie\"  \/><\/a><\/div><div class=\"cl-element cl-element-section cl-element--instance-1004 \"><h4 class=\"cl-element cl-element-title cl-element--instance-1001 \"><a class=\"cl-element-title__anchor\" href=\"https:\/\/dev.isst-unna.de\/en\/portfolio-item\/world-first-faceformer-therapy\/\">World first: FaceFormer therapy<\/a><\/h4><div class=\"cl-element cl-element-excerpt cl-element--instance-1002 \">Effective muscle function training against snoring and sleep apnoea - A large number of people are affected by snoring and nocturnal breathing interruptions. It is mostly women who complain about their snoring partner and banish them from the bedroom.<\/div><\/div><\/div><\/div><div  class=\"cl-layout__item cl-layout__item--id-12710\" ><div  class=\"cl-template cl-template--post cl-template--id-12744 cl-template--image-top\" ><div class=\"cl-element cl-element-featured_media cl-element--instance-1003  cl-element-featured_media--sizing-natural\"><a class=\"cl-element-featured_media__anchor\" href=\"https:\/\/dev.isst-unna.de\/en\/portfolio-item\/procedure-with-good-prospects-of-success\/\"><img decoding=\"async\"  class=\"cl-element-featured_media__image\"  src=\"https:\/\/dev.isst-unna.de\/wp-content\/uploads\/2022\/10\/200307_ff_osp_gute_erfolgsaussichten_dzw-204x320.jpg\"  alt=\"Verfahren mit guten Erfolgsaussichten\"  \/><\/a><\/div><div class=\"cl-element cl-element-section cl-element--instance-1004 \"><h4 class=\"cl-element cl-element-title cl-element--instance-1001 \"><a class=\"cl-element-title__anchor\" href=\"https:\/\/dev.isst-unna.de\/en\/portfolio-item\/procedure-with-good-prospects-of-success\/\">Procedure with good prospects of success<\/a><\/h4><div class=\"cl-element cl-element-excerpt cl-element--instance-1002 \">The FaceFormer and OSP devices were developed at the ISST in Unna by Dr Klaus Berndsen and Sabine Berndsen for the functional treatment of hypotonic muscles and muscular dysfunctions in facial and neck pain, temporomandibular joint problems, bruxism, misaligned teeth, syndromic diseases and disabilities.<\/div><\/div><\/div><\/div><\/div><\/div><div class=\"cl-pagination\"><span aria-current=\"page\" class=\"page-numbers current\">1<\/span>\n<a class=\"page-numbers\" href=\"https:\/\/dev.isst-unna.de\/en\/wp-json\/wp\/v2\/pages\/12741\/page\/2\/\">2<\/a>\n<a class=\"page-numbers\" href=\"https:\/\/dev.isst-unna.de\/en\/wp-json\/wp\/v2\/pages\/12741\/page\/3\/\">3<\/a>\n<a class=\"page-numbers\" href=\"https:\/\/dev.isst-unna.de\/en\/wp-json\/wp\/v2\/pages\/12741\/page\/4\/\">4<\/a>\n<a class=\"next page-numbers\" href=\"https:\/\/dev.isst-unna.de\/en\/wp-json\/wp\/v2\/pages\/12741\/page\/2\/\">Next &raquo;<\/a><\/div><\/div>\n<\/div><\/section><\/div>\n","protected":false},"excerpt":{"rendered":"","protected":false},"author":1,"featured_media":783,"parent":12567,"menu_order":8,"comment_status":"closed","ping_status":"closed","template":"","meta":{"_seopress_robots_primary_cat":"","_seopress_titles_title":"ISST Unna in Presse und Medien","_seopress_titles_desc":"Numerous reports in newspapers and magazines document the successful work at ISST and the therapies and innovative products developed there.","_seopress_robots_index":"","footnotes":""},"categories":[],"tags":[1031,1061,629,1066,1047,879],"class_list":["post-12741","page","type-page","status-publish","has-post-thumbnail","hentry","tag-media","tag-newspaper-reports","tag-press","tag-press-article","tag-publications","tag-reports"],"_links":{"self":[{"href":"https:\/\/dev.isst-unna.de\/en\/wp-json\/wp\/v2\/pages\/12741","targetHints":{"allow":["GET"]}}],"collection":[{"href":"https:\/\/dev.isst-unna.de\/en\/wp-json\/wp\/v2\/pages"}],"about":[{"href":"https:\/\/dev.isst-unna.de\/en\/wp-json\/wp\/v2\/types\/page"}],"author":[{"embeddable":true,"href":"https:\/\/dev.isst-unna.de\/en\/wp-json\/wp\/v2\/users\/1"}],"replies":[{"embeddable":true,"href":"https:\/\/dev.isst-unna.de\/en\/wp-json\/wp\/v2\/comments?post=12741"}],"version-history":[{"count":0,"href":"https:\/\/dev.isst-unna.de\/en\/wp-json\/wp\/v2\/pages\/12741\/revisions"}],"up":[{"embeddable":true,"href":"https:\/\/dev.isst-unna.de\/en\/wp-json\/wp\/v2\/pages\/12567"}],"wp:featuredmedia":[{"embeddable":true,"href":"https:\/\/dev.isst-unna.de\/en\/wp-json\/wp\/v2\/media\/783"}],"wp:attachment":[{"href":"https:\/\/dev.isst-unna.de\/en\/wp-json\/wp\/v2\/media?parent=12741"}],"wp:term":[{"taxonomy":"category","embeddable":true,"href":"https:\/\/dev.isst-unna.de\/en\/wp-json\/wp\/v2\/categories?post=12741"},{"taxonomy":"post_tag","embeddable":true,"href":"https:\/\/dev.isst-unna.de\/en\/wp-json\/wp\/v2\/tags?post=12741"}],"curies":[{"name":"wp","href":"https:\/\/api.w.org\/{rel}","templated":true}]}}